{"id":41230,"date":"2023-07-19T07:31:42","date_gmt":"2023-07-19T05:31:42","guid":{"rendered":"https:\/\/www.morija.org\/sostenere\/eventi\/"},"modified":"2025-10-01T14:08:14","modified_gmt":"2025-10-01T12:08:14","slug":"eventi","status":"publish","type":"page","link":"https:\/\/www.morija.org\/it\/sostenere\/eventi\/","title":{"rendered":"Eventi"},"content":{"rendered":"\t\t<div data-elementor-type=\"wp-page\" data-elementor-id=\"41230\" class=\"elementor elementor-41230 elementor-1520\" data-elementor-post-type=\"page\">\n\t\t\t\t\t\t<section class=\"elementor-section elementor-top-section elementor-element elementor-element-25321c9 elementor-section-boxed elementor-section-height-default elementor-section-height-default\" data-id=\"25321c9\" data-element_type=\"section\" data-e-type=\"section\" data-settings=\"{&quot;background_background&quot;:&quot;classic&quot;}\">\n\t\t\t\t\t\t<div class=\"elementor-container elementor-column-gap-no\">\n\t\t\t\t\t<div class=\"elementor-column elementor-col-50 elementor-top-column elementor-element elementor-element-f158639\" data-id=\"f158639\" data-element_type=\"column\" data-e-type=\"column\">\n\t\t\t<div class=\"elementor-widget-wrap elementor-element-populated\">\n\t\t\t\t\t\t<div class=\"elementor-element elementor-element-4385570 elementor-widget__width-initial animated-slow elementor-invisible elementor-widget elementor-widget-text-editor\" data-id=\"4385570\" data-element_type=\"widget\" data-e-type=\"widget\" data-settings=\"{&quot;_animation&quot;:&quot;fadeInDown&quot;}\" data-widget_type=\"text-editor.default\">\n\t\t\t\t<div class=\"elementor-widget-container\">\n\t\t\t\t\t\t\t\t\t<p style=\"font-family: 'Poppins', sans-serif; font-size: 22px;\"><span style=\"color: #ffffff;\">Corsa di solidariet\u00e0, cena di beneficenza, conferenze e altre opportunit\u00e0 per incontrarci!<\/span><\/p>\t\t\t\t\t\t\t\t<\/div>\n\t\t\t\t<\/div>\n\t\t\t\t<div class=\"elementor-element elementor-element-d8e0d15 elementor-widget__width-initial animated-slow elementor-invisible elementor-widget elementor-widget-text-editor\" data-id=\"d8e0d15\" data-element_type=\"widget\" data-e-type=\"widget\" data-settings=\"{&quot;_animation&quot;:&quot;fadeInDown&quot;}\" data-widget_type=\"text-editor.default\">\n\t\t\t\t<div class=\"elementor-widget-container\">\n\t\t\t\t\t\t\t\t\t<h1 style=\"font-family: 'Poppins', sans-serif; font-weight: 800;\"><span style=\"color: #ffffff;\">Opportunit\u00e0<br>di impegnarsi<\/span><\/h1>\t\t\t\t\t\t\t\t<\/div>\n\t\t\t\t<\/div>\n\t\t\t\t\t<\/div>\n\t\t<\/div>\n\t\t\t\t<div class=\"elementor-column elementor-col-50 elementor-top-column elementor-element elementor-element-48b24fa\" data-id=\"48b24fa\" data-element_type=\"column\" data-e-type=\"column\">\n\t\t\t<div class=\"elementor-widget-wrap elementor-element-populated\">\n\t\t\t\t\t\t<div class=\"elementor-element elementor-element-57b16d8 elementor-widget__width-initial elementor-invisible elementor-widget elementor-widget-image\" data-id=\"57b16d8\" data-element_type=\"widget\" data-e-type=\"widget\" data-settings=\"{&quot;_animation&quot;:&quot;zoomIn&quot;}\" data-widget_type=\"image.default\">\n\t\t\t\t<div class=\"elementor-widget-container\">\n\t\t\t\t\t\t\t\t\t\t\t\t\t\t\t<img decoding=\"async\" src=\"https:\/\/www.morija.org\/wp-content\/uploads\/Header-Evenement-Run2Help.jpg\" title=\"Header-Evenement-Run2Help\" alt=\"Header-Evenement-Run2Help\" loading=\"lazy\" \/>\t\t\t\t\t\t\t\t\t\t\t\t\t\t\t<\/div>\n\t\t\t\t<\/div>\n\t\t\t\t\t<\/div>\n\t\t<\/div>\n\t\t\t\t\t<\/div>\n\t\t<\/section>\n\t\t\t\t<section class=\"elementor-section elementor-top-section elementor-element elementor-element-80a725b elementor-section-full_width elementor-section-height-default elementor-section-height-default\" data-id=\"80a725b\" data-element_type=\"section\" data-e-type=\"section\">\n\t\t\t\t\t\t<div class=\"elementor-container elementor-column-gap-default\">\n\t\t\t\t\t<div class=\"elementor-column elementor-col-100 elementor-top-column elementor-element elementor-element-4af48fc\" data-id=\"4af48fc\" data-element_type=\"column\" data-e-type=\"column\">\n\t\t\t<div class=\"elementor-widget-wrap elementor-element-populated\">\n\t\t\t\t\t\t<section class=\"elementor-section elementor-inner-section elementor-element elementor-element-d5d3180 elementor-section-boxed elementor-section-height-default elementor-section-height-default\" data-id=\"d5d3180\" data-element_type=\"section\" data-e-type=\"section\">\n\t\t\t\t\t\t<div class=\"elementor-container elementor-column-gap-default\">\n\t\t\t\t\t<div class=\"elementor-column elementor-col-100 elementor-inner-column elementor-element elementor-element-4e11f78\" data-id=\"4e11f78\" data-element_type=\"column\" data-e-type=\"column\">\n\t\t\t<div class=\"elementor-widget-wrap elementor-element-populated\">\n\t\t\t\t\t\t<div class=\"elementor-element elementor-element-a200cc0 elementor-widget elementor-widget-chartio_hero_title\" data-id=\"a200cc0\" data-element_type=\"widget\" data-e-type=\"widget\" data-widget_type=\"chartio_hero_title.default\">\n\t\t\t\t<div class=\"elementor-widget-container\">\n\t\t\t\t\t    \t\r\n                \r\n        <div class=\"sec-title_two chartio-sec-title\">\r\n                        <div class=\"sec-title__tagline sec-title_two-title tx-split-text split-in-right\">Agenda<\/div>\r\n                        <h2 class=\"sec-title__title sec-title_two-heading tx-split-text split-in-right\">Les \u00e9v\u00e8nements \u00e0 venir<\/h2>\r\n            <div class=\"sec-title_two-text tx-split-text split-in-right\"><\/div>\r\n        <\/div>\r\n        \r\n        \t\t\t\t<\/div>\n\t\t\t\t<\/div>\n\t\t\t\t\t<\/div>\n\t\t<\/div>\n\t\t\t\t\t<\/div>\n\t\t<\/section>\n\t\t\t\t<section class=\"elementor-section elementor-inner-section elementor-element elementor-element-c22eeb2 elementor-section-boxed elementor-section-height-default elementor-section-height-default\" data-id=\"c22eeb2\" data-element_type=\"section\" data-e-type=\"section\">\n\t\t\t\t\t\t<div class=\"elementor-container elementor-column-gap-default\">\n\t\t\t\t\t<div class=\"elementor-column elementor-col-100 elementor-inner-column elementor-element elementor-element-1a2e419\" data-id=\"1a2e419\" data-element_type=\"column\" data-e-type=\"column\">\n\t\t\t<div class=\"elementor-widget-wrap elementor-element-populated\">\n\t\t\t\t\t\t\t<\/div>\n\t\t<\/div>\n\t\t\t\t\t<\/div>\n\t\t<\/section>\n\t\t\t\t\t<\/div>\n\t\t<\/div>\n\t\t\t\t\t<\/div>\n\t\t<\/section>\n\t\t\t\t<\/div>\n\t\t","protected":false},"excerpt":{"rendered":"<p>Corsa di solidariet\u00e0, cena di beneficenza, conferenze e altre opportunit\u00e0 per incontrarci! Opportunit\u00e0di impegnarsi Agenda Les \u00e9v\u00e8nements \u00e0 venir Concert Caritatif Tour-de-Peilz (CH), 11 octobre 2025 &#8211; 19h Concert Caritatif\u00a0 [&hellip;]<\/p>\n","protected":false},"author":1,"featured_media":0,"parent":40990,"menu_order":0,"comment_status":"closed","ping_status":"closed","template":"elementor_header_footer","meta":{"_acf_changed":false,"inline_featured_image":false,"footnotes":""},"categories":[],"class_list":["post-41230","page","type-page","status-publish","hentry"],"acf":[],"yoast_head":"<!-- This site is optimized with the Yoast SEO plugin v27.3 - https:\/\/yoast.com\/product\/yoast-seo-wordpress\/ -->\n<title>Eventi - Morija<\/title>\n<meta name=\"robots\" content=\"index, follow, max-snippet:-1, max-image-preview:large, max-video-preview:-1\" \/>\n<link rel=\"canonical\" href=\"https:\/\/www.morija.org\/it\/sostenere\/eventi\/\" \/>\n<meta property=\"og:locale\" content=\"it_IT\" \/>\n<meta property=\"og:type\" content=\"article\" \/>\n<meta property=\"og:title\" content=\"Eventi - Morija\" \/>\n<meta property=\"og:description\" content=\"Corsa di solidariet\u00e0, cena di beneficenza, conferenze e altre opportunit\u00e0 per incontrarci! Opportunit\u00e0di impegnarsi Agenda Les \u00e9v\u00e8nements \u00e0 venir Concert Caritatif Tour-de-Peilz (CH), 11 octobre 2025 &#8211; 19h Concert Caritatif\u00a0 [&hellip;]\" \/>\n<meta property=\"og:url\" content=\"https:\/\/www.morija.org\/it\/sostenere\/eventi\/\" \/>\n<meta property=\"og:site_name\" content=\"Morija\" \/>\n<meta property=\"article:modified_time\" content=\"2025-10-01T12:08:14+00:00\" \/>\n<meta property=\"og:image\" content=\"https:\/\/www.morija.org\/wp-content\/uploads\/Header-Evenement-Run2Help.jpg\" \/>\n<meta name=\"twitter:card\" content=\"summary_large_image\" \/>\n<script type=\"application\/ld+json\" class=\"yoast-schema-graph\">{\"@context\":\"https:\\\/\\\/schema.org\",\"@graph\":[{\"@type\":\"WebPage\",\"@id\":\"https:\\\/\\\/www.morija.org\\\/it\\\/sostenere\\\/eventi\\\/\",\"url\":\"https:\\\/\\\/www.morija.org\\\/it\\\/sostenere\\\/eventi\\\/\",\"name\":\"Eventi - Morija\",\"isPartOf\":{\"@id\":\"https:\\\/\\\/www.morija.org\\\/it\\\/#website\"},\"primaryImageOfPage\":{\"@id\":\"https:\\\/\\\/www.morija.org\\\/it\\\/sostenere\\\/eventi\\\/#primaryimage\"},\"image\":{\"@id\":\"https:\\\/\\\/www.morija.org\\\/it\\\/sostenere\\\/eventi\\\/#primaryimage\"},\"thumbnailUrl\":\"https:\\\/\\\/www.morija.org\\\/wp-content\\\/uploads\\\/Header-Evenement-Run2Help.jpg\",\"datePublished\":\"2023-07-19T05:31:42+00:00\",\"dateModified\":\"2025-10-01T12:08:14+00:00\",\"breadcrumb\":{\"@id\":\"https:\\\/\\\/www.morija.org\\\/it\\\/sostenere\\\/eventi\\\/#breadcrumb\"},\"inLanguage\":\"it-IT\",\"potentialAction\":[{\"@type\":\"ReadAction\",\"target\":[\"https:\\\/\\\/www.morija.org\\\/it\\\/sostenere\\\/eventi\\\/\"]}]},{\"@type\":\"ImageObject\",\"inLanguage\":\"it-IT\",\"@id\":\"https:\\\/\\\/www.morija.org\\\/it\\\/sostenere\\\/eventi\\\/#primaryimage\",\"url\":\"https:\\\/\\\/www.morija.org\\\/wp-content\\\/uploads\\\/Header-Evenement-Run2Help.jpg\",\"contentUrl\":\"https:\\\/\\\/www.morija.org\\\/wp-content\\\/uploads\\\/Header-Evenement-Run2Help.jpg\"},{\"@type\":\"BreadcrumbList\",\"@id\":\"https:\\\/\\\/www.morija.org\\\/it\\\/sostenere\\\/eventi\\\/#breadcrumb\",\"itemListElement\":[{\"@type\":\"ListItem\",\"position\":1,\"name\":\"Accueil\",\"item\":\"https:\\\/\\\/www.morija.org\\\/it\\\/\"},{\"@type\":\"ListItem\",\"position\":2,\"name\":\"Sostenere\",\"item\":\"https:\\\/\\\/www.morija.org\\\/it\\\/sostenere\\\/\"},{\"@type\":\"ListItem\",\"position\":3,\"name\":\"Eventi\"}]},{\"@type\":\"WebSite\",\"@id\":\"https:\\\/\\\/www.morija.org\\\/it\\\/#website\",\"url\":\"https:\\\/\\\/www.morija.org\\\/it\\\/\",\"name\":\"Morija\",\"description\":\"\",\"publisher\":{\"@id\":\"https:\\\/\\\/www.morija.org\\\/it\\\/#organization\"},\"potentialAction\":[{\"@type\":\"SearchAction\",\"target\":{\"@type\":\"EntryPoint\",\"urlTemplate\":\"https:\\\/\\\/www.morija.org\\\/it\\\/?s={search_term_string}\"},\"query-input\":{\"@type\":\"PropertyValueSpecification\",\"valueRequired\":true,\"valueName\":\"search_term_string\"}}],\"inLanguage\":\"it-IT\"},{\"@type\":\"Organization\",\"@id\":\"https:\\\/\\\/www.morija.org\\\/it\\\/#organization\",\"name\":\"Morija\",\"url\":\"https:\\\/\\\/www.morija.org\\\/it\\\/\",\"logo\":{\"@type\":\"ImageObject\",\"inLanguage\":\"it-IT\",\"@id\":\"https:\\\/\\\/www.morija.org\\\/it\\\/#\\\/schema\\\/logo\\\/image\\\/\",\"url\":\"https:\\\/\\\/www.morija.org\\\/wp-content\\\/uploads\\\/MorijaA3-150-82.png\",\"contentUrl\":\"https:\\\/\\\/www.morija.org\\\/wp-content\\\/uploads\\\/MorijaA3-150-82.png\",\"width\":152,\"height\":82,\"caption\":\"Morija\"},\"image\":{\"@id\":\"https:\\\/\\\/www.morija.org\\\/it\\\/#\\\/schema\\\/logo\\\/image\\\/\"}}]}<\/script>\n<!-- \/ Yoast SEO plugin. -->","yoast_head_json":{"title":"Eventi - Morija","robots":{"index":"index","follow":"follow","max-snippet":"max-snippet:-1","max-image-preview":"max-image-preview:large","max-video-preview":"max-video-preview:-1"},"canonical":"https:\/\/www.morija.org\/it\/sostenere\/eventi\/","og_locale":"it_IT","og_type":"article","og_title":"Eventi - Morija","og_description":"Corsa di solidariet\u00e0, cena di beneficenza, conferenze e altre opportunit\u00e0 per incontrarci! Opportunit\u00e0di impegnarsi Agenda Les \u00e9v\u00e8nements \u00e0 venir Concert Caritatif Tour-de-Peilz (CH), 11 octobre 2025 &#8211; 19h Concert Caritatif\u00a0 [&hellip;]","og_url":"https:\/\/www.morija.org\/it\/sostenere\/eventi\/","og_site_name":"Morija","article_modified_time":"2025-10-01T12:08:14+00:00","og_image":[{"url":"https:\/\/www.morija.org\/wp-content\/uploads\/Header-Evenement-Run2Help.jpg","type":"","width":"","height":""}],"twitter_card":"summary_large_image","schema":{"@context":"https:\/\/schema.org","@graph":[{"@type":"WebPage","@id":"https:\/\/www.morija.org\/it\/sostenere\/eventi\/","url":"https:\/\/www.morija.org\/it\/sostenere\/eventi\/","name":"Eventi - Morija","isPartOf":{"@id":"https:\/\/www.morija.org\/it\/#website"},"primaryImageOfPage":{"@id":"https:\/\/www.morija.org\/it\/sostenere\/eventi\/#primaryimage"},"image":{"@id":"https:\/\/www.morija.org\/it\/sostenere\/eventi\/#primaryimage"},"thumbnailUrl":"https:\/\/www.morija.org\/wp-content\/uploads\/Header-Evenement-Run2Help.jpg","datePublished":"2023-07-19T05:31:42+00:00","dateModified":"2025-10-01T12:08:14+00:00","breadcrumb":{"@id":"https:\/\/www.morija.org\/it\/sostenere\/eventi\/#breadcrumb"},"inLanguage":"it-IT","potentialAction":[{"@type":"ReadAction","target":["https:\/\/www.morija.org\/it\/sostenere\/eventi\/"]}]},{"@type":"ImageObject","inLanguage":"it-IT","@id":"https:\/\/www.morija.org\/it\/sostenere\/eventi\/#primaryimage","url":"https:\/\/www.morija.org\/wp-content\/uploads\/Header-Evenement-Run2Help.jpg","contentUrl":"https:\/\/www.morija.org\/wp-content\/uploads\/Header-Evenement-Run2Help.jpg"},{"@type":"BreadcrumbList","@id":"https:\/\/www.morija.org\/it\/sostenere\/eventi\/#breadcrumb","itemListElement":[{"@type":"ListItem","position":1,"name":"Accueil","item":"https:\/\/www.morija.org\/it\/"},{"@type":"ListItem","position":2,"name":"Sostenere","item":"https:\/\/www.morija.org\/it\/sostenere\/"},{"@type":"ListItem","position":3,"name":"Eventi"}]},{"@type":"WebSite","@id":"https:\/\/www.morija.org\/it\/#website","url":"https:\/\/www.morija.org\/it\/","name":"Morija","description":"","publisher":{"@id":"https:\/\/www.morija.org\/it\/#organization"},"potentialAction":[{"@type":"SearchAction","target":{"@type":"EntryPoint","urlTemplate":"https:\/\/www.morija.org\/it\/?s={search_term_string}"},"query-input":{"@type":"PropertyValueSpecification","valueRequired":true,"valueName":"search_term_string"}}],"inLanguage":"it-IT"},{"@type":"Organization","@id":"https:\/\/www.morija.org\/it\/#organization","name":"Morija","url":"https:\/\/www.morija.org\/it\/","logo":{"@type":"ImageObject","inLanguage":"it-IT","@id":"https:\/\/www.morija.org\/it\/#\/schema\/logo\/image\/","url":"https:\/\/www.morija.org\/wp-content\/uploads\/MorijaA3-150-82.png","contentUrl":"https:\/\/www.morija.org\/wp-content\/uploads\/MorijaA3-150-82.png","width":152,"height":82,"caption":"Morija"},"image":{"@id":"https:\/\/www.morija.org\/it\/#\/schema\/logo\/image\/"}}]}},"_links":{"self":[{"href":"https:\/\/www.morija.org\/it\/wp-json\/wp\/v2\/pages\/41230","targetHints":{"allow":["GET"]}}],"collection":[{"href":"https:\/\/www.morija.org\/it\/wp-json\/wp\/v2\/pages"}],"about":[{"href":"https:\/\/www.morija.org\/it\/wp-json\/wp\/v2\/types\/page"}],"author":[{"embeddable":true,"href":"https:\/\/www.morija.org\/it\/wp-json\/wp\/v2\/users\/1"}],"replies":[{"embeddable":true,"href":"https:\/\/www.morija.org\/it\/wp-json\/wp\/v2\/comments?post=41230"}],"version-history":[{"count":1,"href":"https:\/\/www.morija.org\/it\/wp-json\/wp\/v2\/pages\/41230\/revisions"}],"predecessor-version":[{"id":41231,"href":"https:\/\/www.morija.org\/it\/wp-json\/wp\/v2\/pages\/41230\/revisions\/41231"}],"up":[{"embeddable":true,"href":"https:\/\/www.morija.org\/it\/wp-json\/wp\/v2\/pages\/40990"}],"wp:attachment":[{"href":"https:\/\/www.morija.org\/it\/wp-json\/wp\/v2\/media?parent=41230"}],"wp:term":[{"taxonomy":"category","embeddable":true,"href":"https:\/\/www.morija.org\/it\/wp-json\/wp\/v2\/categories?post=41230"}],"curies":[{"name":"wp","href":"https:\/\/api.w.org\/{rel}","templated":true}]}}